{"id":931,"date":"2025-02-09T20:56:40","date_gmt":"2025-02-10T01:56:40","guid":{"rendered":"https:\/\/escueladrivevision.com.co\/?page_id=931"},"modified":"2025-02-10T10:14:23","modified_gmt":"2025-02-10T15:14:23","slug":"mas-informacion","status":"publish","type":"page","link":"https:\/\/escueladrivevision.com.co\/index.php\/mas-informacion\/","title":{"rendered":"Mas Informaci\u00f3n"},"content":{"rendered":"\t\t<div data-elementor-type=\"wp-page\" data-elementor-id=\"931\" class=\"elementor elementor-931\">\n\t\t\t\t\t\t<section class=\"elementor-section elementor-top-section elementor-element elementor-element-e239327 elementor-section-boxed elementor-section-height-default elementor-section-height-default\" data-id=\"e239327\" data-element_type=\"section\" data-e-type=\"section\">\n\t\t\t\t\t\t<div class=\"elementor-container elementor-column-gap-default\">\n\t\t\t\t\t<div class=\"elementor-column elementor-col-100 elementor-top-column elementor-element elementor-element-583a62c\" data-id=\"583a62c\" data-element_type=\"column\" data-e-type=\"column\">\n\t\t\t<div class=\"elementor-widget-wrap elementor-element-populated\">\n\t\t\t\t\t\t<div class=\"elementor-element elementor-element-eb36aef elementor-widget elementor-widget-spacer\" data-id=\"eb36aef\" data-element_type=\"widget\" data-e-type=\"widget\" data-widget_type=\"spacer.default\">\n\t\t\t\t<div class=\"elementor-widget-container\">\n\t\t\t\t\t\t\t<div class=\"elementor-spacer\">\n\t\t\t<div class=\"elementor-spacer-inner\"><\/div>\n\t\t<\/div>\n\t\t\t\t\t\t<\/div>\n\t\t\t\t<\/div>\n\t\t\t\t\t<\/div>\n\t\t<\/div>\n\t\t\t\t\t<\/div>\n\t\t<\/section>\n\t\t\t\t<section class=\"elementor-section elementor-top-section elementor-element elementor-element-a623f55 elementor-section-boxed elementor-section-height-default elementor-section-height-default\" data-id=\"a623f55\" data-element_type=\"section\" data-e-type=\"section\">\n\t\t\t\t\t\t<div class=\"elementor-container elementor-column-gap-default\">\n\t\t\t\t\t<div class=\"elementor-column elementor-col-100 elementor-top-column elementor-element elementor-element-390d513\" data-id=\"390d513\" data-element_type=\"column\" data-e-type=\"column\">\n\t\t\t<div class=\"elementor-widget-wrap elementor-element-populated\">\n\t\t\t\t\t\t<div class=\"elementor-element elementor-element-62f8db9 elementor-widget elementor-widget-heading\" data-id=\"62f8db9\" data-element_type=\"widget\" data-e-type=\"widget\" data-widget_type=\"heading.default\">\n\t\t\t\t<div class=\"elementor-widget-container\">\n\t\t\t\t\t<h2 class=\"elementor-heading-title elementor-size-default\">\u00bfQu\u00e9 es CALE y c\u00f3mo afecta la obtenci\u00f3n de tu licencia de conducir?<\/h2>\t\t\t\t<\/div>\n\t\t\t\t<\/div>\n\t\t\t\t<div class=\"elementor-element elementor-element-d4fa237 elementor-widget elementor-widget-spacer\" data-id=\"d4fa237\" data-element_type=\"widget\" data-e-type=\"widget\" data-widget_type=\"spacer.default\">\n\t\t\t\t<div class=\"elementor-widget-container\">\n\t\t\t\t\t\t\t<div class=\"elementor-spacer\">\n\t\t\t<div class=\"elementor-spacer-inner\"><\/div>\n\t\t<\/div>\n\t\t\t\t\t\t<\/div>\n\t\t\t\t<\/div>\n\t\t\t\t<div class=\"elementor-element elementor-element-3642901 elementor-widget elementor-widget-text-editor\" data-id=\"3642901\" data-element_type=\"widget\" data-e-type=\"widget\" data-widget_type=\"text-editor.default\">\n\t\t\t\t<div class=\"elementor-widget-container\">\n\t\t\t\t\t\t\t\t\t<p>El <strong>Certificado de Aptitud de Licencia de Conducir (CALE)<\/strong> es un sistema implementado por el Estado para evaluar a quienes desean obtener o renovar su licencia de conducir. Su objetivo es garantizar que todos los conductores posean los conocimientos te\u00f3ricos, habilidades pr\u00e1cticas y condiciones f\u00edsicas necesarias para manejar de manera segura y responsable.<\/p><p>A trav\u00e9s de CALE, los aspirantes deben aprobar una serie de ex\u00e1menes que incluyen pruebas te\u00f3ricas sobre normativas de tr\u00e1nsito, se\u00f1ales viales y seguridad vial, adem\u00e1s de evaluaciones pr\u00e1cticas donde se miden sus habilidades de conducci\u00f3n. Tambi\u00e9n se realizan ex\u00e1menes m\u00e9dicos y psicot\u00e9cnicos para determinar si el solicitante es apto f\u00edsica y mentalmente para operar un veh\u00edculo.<\/p><p>Este sistema busca reducir accidentes y mejorar la seguridad en las v\u00edas, asegurando que solo aquellas personas realmente capacitadas obtengan su licencia. Prepararse adecuadamente para el CALE es clave para aprobarlo con \u00e9xito, por lo que en nuestra academia ofrecemos cursos especializados que te ayudar\u00e1n a superar cada etapa del proceso y obtener tu licencia sin contratiempos.<\/p><p>El <strong>Certificado de Aptitud F\u00edsica, Mental y de Coordinaci\u00f3n Motriz<\/strong> es un requisito esencial en Colombia para obtener, recategorizar o renovar la licencia de conducci\u00f3n. Este certificado, expedido por los Centros de Reconocimiento de Conductores (CRC) autorizados, garantiza que el aspirante posee las condiciones necesarias para conducir de manera segura.<\/p>\t\t\t\t\t\t\t\t<\/div>\n\t\t\t\t<\/div>\n\t\t\t\t\t<\/div>\n\t\t<\/div>\n\t\t\t\t\t<\/div>\n\t\t<\/section>\n\t\t\t\t<section class=\"elementor-section elementor-top-section elementor-element elementor-element-3ede2a4 elementor-section-boxed elementor-section-height-default elementor-section-height-default\" data-id=\"3ede2a4\" data-element_type=\"section\" data-e-type=\"section\">\n\t\t\t\t\t\t<div class=\"elementor-container elementor-column-gap-default\">\n\t\t\t\t\t<div class=\"elementor-column elementor-col-100 elementor-top-column elementor-element elementor-element-3858e62\" data-id=\"3858e62\" data-element_type=\"column\" data-e-type=\"column\">\n\t\t\t<div class=\"elementor-widget-wrap elementor-element-populated\">\n\t\t\t\t\t\t<div class=\"elementor-element elementor-element-7a4bc69 elementor-widget elementor-widget-spacer\" data-id=\"7a4bc69\" data-element_type=\"widget\" data-e-type=\"widget\" data-widget_type=\"spacer.default\">\n\t\t\t\t<div class=\"elementor-widget-container\">\n\t\t\t\t\t\t\t<div class=\"elementor-spacer\">\n\t\t\t<div class=\"elementor-spacer-inner\"><\/div>\n\t\t<\/div>\n\t\t\t\t\t\t<\/div>\n\t\t\t\t<\/div>\n\t\t\t\t\t<\/div>\n\t\t<\/div>\n\t\t\t\t\t<\/div>\n\t\t<\/section>\n\t\t\t\t<section class=\"elementor-section elementor-top-section elementor-element elementor-element-a59a0d4 elementor-section-boxed elementor-section-height-default elementor-section-height-default\" data-id=\"a59a0d4\" data-element_type=\"section\" data-e-type=\"section\">\n\t\t\t\t\t\t<div class=\"elementor-container elementor-column-gap-default\">\n\t\t\t\t\t<div class=\"elementor-column elementor-col-33 elementor-top-column elementor-element elementor-element-a1bee7b\" data-id=\"a1bee7b\" data-element_type=\"column\" data-e-type=\"column\">\n\t\t\t<div class=\"elementor-widget-wrap elementor-element-populated\">\n\t\t\t\t\t\t<div class=\"elementor-element elementor-element-2a05a8b elementor-widget elementor-widget-heading\" data-id=\"2a05a8b\" data-element_type=\"widget\" data-e-type=\"widget\" data-widget_type=\"heading.default\">\n\t\t\t\t<div class=\"elementor-widget-container\">\n\t\t\t\t\t<h2 class=\"elementor-heading-title elementor-size-default\">Inscripci\u00f3n en el RUNT<\/h2>\t\t\t\t<\/div>\n\t\t\t\t<\/div>\n\t\t\t\t<div class=\"elementor-element elementor-element-8c8ad7f elementor-widget elementor-widget-text-editor\" data-id=\"8c8ad7f\" data-element_type=\"widget\" data-e-type=\"widget\" data-widget_type=\"text-editor.default\">\n\t\t\t\t<div class=\"elementor-widget-container\">\n\t\t\t\t\t\t\t\t\t<p>Antes de realizar los ex\u00e1menes m\u00e9dicos, es necesario estar inscrito en el Registro \u00danico Nacional de Tr\u00e1nsito (RUNT). Puedes verificar tu inscripci\u00f3n en el siguiente enlace:<\/p>\t\t\t\t\t\t\t\t<\/div>\n\t\t\t\t<\/div>\n\t\t\t\t<div class=\"elementor-element elementor-element-a2e764b elementor-widget elementor-widget-button\" data-id=\"a2e764b\" data-element_type=\"widget\" data-e-type=\"widget\" data-widget_type=\"button.default\">\n\t\t\t\t<div class=\"elementor-widget-container\">\n\t\t\t\t\t\t\t\t\t<div class=\"elementor-button-wrapper\">\n\t\t\t\t\t<a class=\"elementor-button elementor-button-link elementor-size-sm\" href=\"\">\n\t\t\t\t\t\t<span class=\"elementor-button-content-wrapper\">\n\t\t\t\t\t\t\t\t\t<span class=\"elementor-button-text\">Consulta Runt<\/span>\n\t\t\t\t\t<\/span>\n\t\t\t\t\t<\/a>\n\t\t\t\t<\/div>\n\t\t\t\t\t\t\t\t<\/div>\n\t\t\t\t<\/div>\n\t\t\t\t\t<\/div>\n\t\t<\/div>\n\t\t\t\t<div class=\"elementor-column elementor-col-33 elementor-top-column elementor-element elementor-element-f0f536f\" data-id=\"f0f536f\" data-element_type=\"column\" data-e-type=\"column\">\n\t\t\t<div class=\"elementor-widget-wrap elementor-element-populated\">\n\t\t\t\t\t\t<div class=\"elementor-element elementor-element-255943c elementor-widget elementor-widget-heading\" data-id=\"255943c\" data-element_type=\"widget\" data-e-type=\"widget\" data-widget_type=\"heading.default\">\n\t\t\t\t<div class=\"elementor-widget-container\">\n\t\t\t\t\t<h2 class=\"elementor-heading-title elementor-size-default\">Evaluaciones M\u00e9dicas<\/h2>\t\t\t\t<\/div>\n\t\t\t\t<\/div>\n\t\t\t\t<div class=\"elementor-element elementor-element-6e1e31a elementor-widget elementor-widget-text-editor\" data-id=\"6e1e31a\" data-element_type=\"widget\" data-e-type=\"widget\" data-widget_type=\"text-editor.default\">\n\t\t\t\t<div class=\"elementor-widget-container\">\n\t\t\t\t\t\t\t\t\t<p>En el CRC, se realizan diversas pruebas para evaluar:<\/p><ul><li><strong>Capacidad Visual:<\/strong> Agudeza visual, percepci\u00f3n de profundidad y discriminaci\u00f3n de colores.<\/li><li><strong>Capacidad Auditiva:<\/strong> Detecci\u00f3n de sonidos y comprensi\u00f3n auditiva.<\/li><li><strong>Coordinaci\u00f3n Motriz:<\/strong> Tiempo de reacci\u00f3n, coordinaci\u00f3n mano-ojo y control motor.<\/li><li><strong>Evaluaci\u00f3n Psicol\u00f3gica:<\/strong> An\u00e1lisis de aptitudes mentales y comportamentales.<\/li><\/ul>\t\t\t\t\t\t\t\t<\/div>\n\t\t\t\t<\/div>\n\t\t\t\t\t<\/div>\n\t\t<\/div>\n\t\t\t\t<div class=\"elementor-column elementor-col-33 elementor-top-column elementor-element elementor-element-5568a4a\" data-id=\"5568a4a\" data-element_type=\"column\" data-e-type=\"column\">\n\t\t\t<div class=\"elementor-widget-wrap elementor-element-populated\">\n\t\t\t\t\t\t<div class=\"elementor-element elementor-element-d01cc90 elementor-widget elementor-widget-heading\" data-id=\"d01cc90\" data-element_type=\"widget\" data-e-type=\"widget\" data-widget_type=\"heading.default\">\n\t\t\t\t<div class=\"elementor-widget-container\">\n\t\t\t\t\t<h2 class=\"elementor-heading-title elementor-size-default\">Resultados y Registro<\/h2>\t\t\t\t<\/div>\n\t\t\t\t<\/div>\n\t\t\t\t<div class=\"elementor-element elementor-element-012eb38 elementor-widget elementor-widget-text-editor\" data-id=\"012eb38\" data-element_type=\"widget\" data-e-type=\"widget\" data-widget_type=\"text-editor.default\">\n\t\t\t\t<div class=\"elementor-widget-container\">\n\t\t\t\t\t\t\t\t\t<p>Si el aspirante es declarado apto, el CRC carga los resultados al RUNT, permitiendo continuar con el proceso de obtenci\u00f3n o renovaci\u00f3n de la licencia. En caso de no ser apto, se genera un bolet\u00edn de rechazo que debe ser entregado al usuario.<\/p>\t\t\t\t\t\t\t\t<\/div>\n\t\t\t\t<\/div>\n\t\t\t\t\t<\/div>\n\t\t<\/div>\n\t\t\t\t\t<\/div>\n\t\t<\/section>\n\t\t\t\t<section class=\"elementor-section elementor-top-section elementor-element elementor-element-ff41703 elementor-section-boxed elementor-section-height-default elementor-section-height-default\" data-id=\"ff41703\" data-element_type=\"section\" data-e-type=\"section\">\n\t\t\t\t\t\t<div class=\"elementor-container elementor-column-gap-default\">\n\t\t\t\t\t<div class=\"elementor-column elementor-col-100 elementor-top-column elementor-element elementor-element-59aa3f6\" data-id=\"59aa3f6\" data-element_type=\"column\" data-e-type=\"column\">\n\t\t\t<div class=\"elementor-widget-wrap elementor-element-populated\">\n\t\t\t\t\t\t<div class=\"elementor-element elementor-element-1175781 elementor-widget elementor-widget-spacer\" data-id=\"1175781\" data-element_type=\"widget\" data-e-type=\"widget\" data-widget_type=\"spacer.default\">\n\t\t\t\t<div class=\"elementor-widget-container\">\n\t\t\t\t\t\t\t<div class=\"elementor-spacer\">\n\t\t\t<div class=\"elementor-spacer-inner\"><\/div>\n\t\t<\/div>\n\t\t\t\t\t\t<\/div>\n\t\t\t\t<\/div>\n\t\t\t\t\t<\/div>\n\t\t<\/div>\n\t\t\t\t\t<\/div>\n\t\t<\/section>\n\t\t\t\t<section class=\"elementor-section elementor-top-section elementor-element elementor-element-6f2721e elementor-section-boxed elementor-section-height-default elementor-section-height-default\" data-id=\"6f2721e\" data-element_type=\"section\" data-e-type=\"section\">\n\t\t\t\t\t\t<div class=\"elementor-container elementor-column-gap-default\">\n\t\t\t\t\t<div class=\"elementor-column elementor-col-50 elementor-top-column elementor-element elementor-element-e0cac13\" data-id=\"e0cac13\" data-element_type=\"column\" data-e-type=\"column\">\n\t\t\t<div class=\"elementor-widget-wrap elementor-element-populated\">\n\t\t\t\t\t\t<div class=\"elementor-element elementor-element-9425f3f elementor-widget elementor-widget-heading\" data-id=\"9425f3f\" data-element_type=\"widget\" data-e-type=\"widget\" data-widget_type=\"heading.default\">\n\t\t\t\t<div class=\"elementor-widget-container\">\n\t\t\t\t\t<h2 class=\"elementor-heading-title elementor-size-default\">Importancia del Certificado<\/h2>\t\t\t\t<\/div>\n\t\t\t\t<\/div>\n\t\t\t\t<div class=\"elementor-element elementor-element-82e9526 elementor-widget elementor-widget-text-editor\" data-id=\"82e9526\" data-element_type=\"widget\" data-e-type=\"widget\" data-widget_type=\"text-editor.default\">\n\t\t\t\t<div class=\"elementor-widget-container\">\n\t\t\t\t\t\t\t\t\t<p>Este certificado es vital para asegurar que los conductores est\u00e9n en condiciones \u00f3ptimas para operar un veh\u00edculo, contribuyendo a la seguridad vial y reduciendo el riesgo de accidentes. Adem\u00e1s, es un requisito legal sin el cual no es posible tramitar la licencia de conducci\u00f3n en Colombia.<\/p>\t\t\t\t\t\t\t\t<\/div>\n\t\t\t\t<\/div>\n\t\t\t\t\t<\/div>\n\t\t<\/div>\n\t\t\t\t<div class=\"elementor-column elementor-col-50 elementor-top-column elementor-element elementor-element-379042d\" data-id=\"379042d\" data-element_type=\"column\" data-e-type=\"column\">\n\t\t\t<div class=\"elementor-widget-wrap elementor-element-populated\">\n\t\t\t\t\t\t<div class=\"elementor-element elementor-element-4b02240 elementor-widget elementor-widget-heading\" data-id=\"4b02240\" data-element_type=\"widget\" data-e-type=\"widget\" data-widget_type=\"heading.default\">\n\t\t\t\t<div class=\"elementor-widget-container\">\n\t\t\t\t\t<h2 class=\"elementor-heading-title elementor-size-default\">Consideraciones Adicionales<\/h2>\t\t\t\t<\/div>\n\t\t\t\t<\/div>\n\t\t\t\t<div class=\"elementor-element elementor-element-8253a79 elementor-widget elementor-widget-text-editor\" data-id=\"8253a79\" data-element_type=\"widget\" data-e-type=\"widget\" data-widget_type=\"text-editor.default\">\n\t\t\t\t<div class=\"elementor-widget-container\">\n\t\t\t\t\t\t\t\t\t<ul><li><strong>Validez:<\/strong> El certificado tiene una vigencia que var\u00eda seg\u00fan la categor\u00eda de la licencia y la edad del conductor. Es importante estar atento a las fechas de vencimiento para programar las evaluaciones de renovaci\u00f3n oportunamente.<\/li><li><p><strong>Costos:<\/strong> El costo del examen m\u00e9dico puede variar dependiendo del CRC y la regi\u00f3n, por lo que se recomienda consultar directamente con el centro de preferencia.<\/p><\/li><\/ul><p>\u00a0<\/p>\t\t\t\t\t\t\t\t<\/div>\n\t\t\t\t<\/div>\n\t\t\t\t\t<\/div>\n\t\t<\/div>\n\t\t\t\t\t<\/div>\n\t\t<\/section>\n\t\t\t\t<section class=\"elementor-section elementor-top-section elementor-element elementor-element-0d4571f elementor-section-boxed elementor-section-height-default elementor-section-height-default\" data-id=\"0d4571f\" data-element_type=\"section\" data-e-type=\"section\">\n\t\t\t\t\t\t<div class=\"elementor-container elementor-column-gap-default\">\n\t\t\t\t\t<div class=\"elementor-column elementor-col-100 elementor-top-column elementor-element elementor-element-706b4cb\" data-id=\"706b4cb\" data-element_type=\"column\" data-e-type=\"column\">\n\t\t\t<div class=\"elementor-widget-wrap elementor-element-populated\">\n\t\t\t\t\t\t<div class=\"elementor-element elementor-element-ca37e83 elementor-widget elementor-widget-text-editor\" data-id=\"ca37e83\" data-element_type=\"widget\" data-e-type=\"widget\" data-widget_type=\"text-editor.default\">\n\t\t\t\t<div class=\"elementor-widget-container\">\n\t\t\t\t\t\t\t\t\t<p>Obtener el Certificado de Aptitud F\u00edsica, Mental y de Coordinaci\u00f3n Motriz es un paso fundamental para garantizar que los conductores en Colombia est\u00e9n preparados para enfrentar las responsabilidades que implica la conducci\u00f3n, promoviendo as\u00ed una cultura de seguridad y respeto en las v\u00edas.<\/p>\t\t\t\t\t\t\t\t<\/div>\n\t\t\t\t<\/div>\n\t\t\t\t\t<\/div>\n\t\t<\/div>\n\t\t\t\t\t<\/div>\n\t\t<\/section>\n\t\t\t\t<\/div>\n\t\t","protected":false},"excerpt":{"rendered":"<p>\u00bfQu\u00e9 es CALE y c\u00f3mo afecta la obtenci\u00f3n de tu licencia de conducir? El Certificado de Aptitud de Licencia de Conducir (CALE) es un sistema implementado por el Estado para evaluar a quienes desean obtener o renovar su licencia de conducir. Su objetivo es garantizar que todos los conductores posean los conocimientos te\u00f3ricos, habilidades pr\u00e1cticas [&hellip;]<\/p>\n","protected":false},"author":1,"featured_media":0,"parent":0,"menu_order":0,"comment_status":"closed","ping_status":"closed","template":"","meta":{"_themeisle_gutenberg_block_has_review":false,"footnotes":""},"class_list":["post-931","page","type-page","status-publish","hentry"],"yoast_head":"<!-- This site is optimized with the Yoast SEO plugin v27.3 - https:\/\/yoast.com\/product\/yoast-seo-wordpress\/ -->\n<title>Mas Informaci\u00f3n - DriveVision<\/title>\n<meta name=\"robots\" content=\"index, follow, max-snippet:-1, max-image-preview:large, max-video-preview:-1\" \/>\n<link rel=\"canonical\" href=\"https:\/\/escueladrivevision.com.co\/index.php\/mas-informacion\/\" \/>\n<meta property=\"og:locale\" content=\"es_ES\" \/>\n<meta property=\"og:type\" content=\"article\" \/>\n<meta property=\"og:title\" content=\"Mas Informaci\u00f3n - DriveVision\" \/>\n<meta property=\"og:description\" content=\"\u00bfQu\u00e9 es CALE y c\u00f3mo afecta la obtenci\u00f3n de tu licencia de conducir? El Certificado de Aptitud de Licencia de Conducir (CALE) es un sistema implementado por el Estado para evaluar a quienes desean obtener o renovar su licencia de conducir. Su objetivo es garantizar que todos los conductores posean los conocimientos te\u00f3ricos, habilidades pr\u00e1cticas [&hellip;]\" \/>\n<meta property=\"og:url\" content=\"https:\/\/escueladrivevision.com.co\/index.php\/mas-informacion\/\" \/>\n<meta property=\"og:site_name\" content=\"DriveVision\" \/>\n<meta property=\"article:modified_time\" content=\"2025-02-10T15:14:23+00:00\" \/>\n<meta name=\"twitter:card\" content=\"summary_large_image\" \/>\n<meta name=\"twitter:label1\" content=\"Tiempo de lectura\" \/>\n\t<meta name=\"twitter:data1\" content=\"3 minutos\" \/>\n<script type=\"application\/ld+json\" class=\"yoast-schema-graph\">{\"@context\":\"https:\\\/\\\/schema.org\",\"@graph\":[{\"@type\":\"WebPage\",\"@id\":\"https:\\\/\\\/escueladrivevision.com.co\\\/index.php\\\/mas-informacion\\\/\",\"url\":\"https:\\\/\\\/escueladrivevision.com.co\\\/index.php\\\/mas-informacion\\\/\",\"name\":\"Mas Informaci\u00f3n - DriveVision\",\"isPartOf\":{\"@id\":\"https:\\\/\\\/escueladrivevision.com.co\\\/#website\"},\"datePublished\":\"2025-02-10T01:56:40+00:00\",\"dateModified\":\"2025-02-10T15:14:23+00:00\",\"breadcrumb\":{\"@id\":\"https:\\\/\\\/escueladrivevision.com.co\\\/index.php\\\/mas-informacion\\\/#breadcrumb\"},\"inLanguage\":\"es-CO\",\"potentialAction\":[{\"@type\":\"ReadAction\",\"target\":[\"https:\\\/\\\/escueladrivevision.com.co\\\/index.php\\\/mas-informacion\\\/\"]}]},{\"@type\":\"BreadcrumbList\",\"@id\":\"https:\\\/\\\/escueladrivevision.com.co\\\/index.php\\\/mas-informacion\\\/#breadcrumb\",\"itemListElement\":[{\"@type\":\"ListItem\",\"position\":1,\"name\":\"Inicio\",\"item\":\"https:\\\/\\\/escueladrivevision.com.co\\\/\"},{\"@type\":\"ListItem\",\"position\":2,\"name\":\"Mas Informaci\u00f3n\"}]},{\"@type\":\"WebSite\",\"@id\":\"https:\\\/\\\/escueladrivevision.com.co\\\/#website\",\"url\":\"https:\\\/\\\/escueladrivevision.com.co\\\/\",\"name\":\"DriveVision\",\"description\":\"Mas educaci\u00f3n, menos accidentes\",\"publisher\":{\"@id\":\"https:\\\/\\\/escueladrivevision.com.co\\\/#organization\"},\"potentialAction\":[{\"@type\":\"SearchAction\",\"target\":{\"@type\":\"EntryPoint\",\"urlTemplate\":\"https:\\\/\\\/escueladrivevision.com.co\\\/?s={search_term_string}\"},\"query-input\":{\"@type\":\"PropertyValueSpecification\",\"valueRequired\":true,\"valueName\":\"search_term_string\"}}],\"inLanguage\":\"es-CO\"},{\"@type\":\"Organization\",\"@id\":\"https:\\\/\\\/escueladrivevision.com.co\\\/#organization\",\"name\":\"DriveVision\",\"url\":\"https:\\\/\\\/escueladrivevision.com.co\\\/\",\"logo\":{\"@type\":\"ImageObject\",\"inLanguage\":\"es-CO\",\"@id\":\"https:\\\/\\\/escueladrivevision.com.co\\\/#\\\/schema\\\/logo\\\/image\\\/\",\"url\":\"https:\\\/\\\/escueladrivevision.com.co\\\/wp-content\\\/uploads\\\/2025\\\/02\\\/cropped-logo.png\",\"contentUrl\":\"https:\\\/\\\/escueladrivevision.com.co\\\/wp-content\\\/uploads\\\/2025\\\/02\\\/cropped-logo.png\",\"width\":512,\"height\":512,\"caption\":\"DriveVision\"},\"image\":{\"@id\":\"https:\\\/\\\/escueladrivevision.com.co\\\/#\\\/schema\\\/logo\\\/image\\\/\"}}]}<\/script>\n<!-- \/ Yoast SEO plugin. -->","yoast_head_json":{"title":"Mas Informaci\u00f3n - DriveVision","robots":{"index":"index","follow":"follow","max-snippet":"max-snippet:-1","max-image-preview":"max-image-preview:large","max-video-preview":"max-video-preview:-1"},"canonical":"https:\/\/escueladrivevision.com.co\/index.php\/mas-informacion\/","og_locale":"es_ES","og_type":"article","og_title":"Mas Informaci\u00f3n - DriveVision","og_description":"\u00bfQu\u00e9 es CALE y c\u00f3mo afecta la obtenci\u00f3n de tu licencia de conducir? El Certificado de Aptitud de Licencia de Conducir (CALE) es un sistema implementado por el Estado para evaluar a quienes desean obtener o renovar su licencia de conducir. Su objetivo es garantizar que todos los conductores posean los conocimientos te\u00f3ricos, habilidades pr\u00e1cticas [&hellip;]","og_url":"https:\/\/escueladrivevision.com.co\/index.php\/mas-informacion\/","og_site_name":"DriveVision","article_modified_time":"2025-02-10T15:14:23+00:00","twitter_card":"summary_large_image","twitter_misc":{"Tiempo de lectura":"3 minutos"},"schema":{"@context":"https:\/\/schema.org","@graph":[{"@type":"WebPage","@id":"https:\/\/escueladrivevision.com.co\/index.php\/mas-informacion\/","url":"https:\/\/escueladrivevision.com.co\/index.php\/mas-informacion\/","name":"Mas Informaci\u00f3n - DriveVision","isPartOf":{"@id":"https:\/\/escueladrivevision.com.co\/#website"},"datePublished":"2025-02-10T01:56:40+00:00","dateModified":"2025-02-10T15:14:23+00:00","breadcrumb":{"@id":"https:\/\/escueladrivevision.com.co\/index.php\/mas-informacion\/#breadcrumb"},"inLanguage":"es-CO","potentialAction":[{"@type":"ReadAction","target":["https:\/\/escueladrivevision.com.co\/index.php\/mas-informacion\/"]}]},{"@type":"BreadcrumbList","@id":"https:\/\/escueladrivevision.com.co\/index.php\/mas-informacion\/#breadcrumb","itemListElement":[{"@type":"ListItem","position":1,"name":"Inicio","item":"https:\/\/escueladrivevision.com.co\/"},{"@type":"ListItem","position":2,"name":"Mas Informaci\u00f3n"}]},{"@type":"WebSite","@id":"https:\/\/escueladrivevision.com.co\/#website","url":"https:\/\/escueladrivevision.com.co\/","name":"DriveVision","description":"Mas educaci\u00f3n, menos accidentes","publisher":{"@id":"https:\/\/escueladrivevision.com.co\/#organization"},"potentialAction":[{"@type":"SearchAction","target":{"@type":"EntryPoint","urlTemplate":"https:\/\/escueladrivevision.com.co\/?s={search_term_string}"},"query-input":{"@type":"PropertyValueSpecification","valueRequired":true,"valueName":"search_term_string"}}],"inLanguage":"es-CO"},{"@type":"Organization","@id":"https:\/\/escueladrivevision.com.co\/#organization","name":"DriveVision","url":"https:\/\/escueladrivevision.com.co\/","logo":{"@type":"ImageObject","inLanguage":"es-CO","@id":"https:\/\/escueladrivevision.com.co\/#\/schema\/logo\/image\/","url":"https:\/\/escueladrivevision.com.co\/wp-content\/uploads\/2025\/02\/cropped-logo.png","contentUrl":"https:\/\/escueladrivevision.com.co\/wp-content\/uploads\/2025\/02\/cropped-logo.png","width":512,"height":512,"caption":"DriveVision"},"image":{"@id":"https:\/\/escueladrivevision.com.co\/#\/schema\/logo\/image\/"}}]}},"_links":{"self":[{"href":"https:\/\/escueladrivevision.com.co\/index.php\/wp-json\/wp\/v2\/pages\/931","targetHints":{"allow":["GET"]}}],"collection":[{"href":"https:\/\/escueladrivevision.com.co\/index.php\/wp-json\/wp\/v2\/pages"}],"about":[{"href":"https:\/\/escueladrivevision.com.co\/index.php\/wp-json\/wp\/v2\/types\/page"}],"author":[{"embeddable":true,"href":"https:\/\/escueladrivevision.com.co\/index.php\/wp-json\/wp\/v2\/users\/1"}],"replies":[{"embeddable":true,"href":"https:\/\/escueladrivevision.com.co\/index.php\/wp-json\/wp\/v2\/comments?post=931"}],"version-history":[{"count":13,"href":"https:\/\/escueladrivevision.com.co\/index.php\/wp-json\/wp\/v2\/pages\/931\/revisions"}],"predecessor-version":[{"id":970,"href":"https:\/\/escueladrivevision.com.co\/index.php\/wp-json\/wp\/v2\/pages\/931\/revisions\/970"}],"wp:attachment":[{"href":"https:\/\/escueladrivevision.com.co\/index.php\/wp-json\/wp\/v2\/media?parent=931"}],"curies":[{"name":"wp","href":"https:\/\/api.w.org\/{rel}","templated":true}]}}